{"id":108,"date":"2023-06-22T14:01:17","date_gmt":"2023-06-22T14:01:17","guid":{"rendered":"https:\/\/acelbolepitunk.hu\/?page_id=108"},"modified":"2023-07-08T13:50:54","modified_gmt":"2023-07-08T13:50:54","slug":"dokumentumok-2","status":"publish","type":"page","link":"https:\/\/acelbolepitunk.hu\/de\/dokumentumok-2\/","title":{"rendered":"Dokumentumok"},"content":{"rendered":"","protected":true},"excerpt":{"rendered":"","protected":true},"author":3,"featured_media":0,"parent":0,"menu_order":0,"comment_status":"closed","ping_status":"closed","template":"","meta":{"_et_pb_use_builder":"on","_et_pb_old_content":"","_et_gb_content_width":"","footnotes":""},"yoast_head":"<!-- This site is optimized with the Yoast SEO plugin v24.0 - https:\/\/yoast.com\/wordpress\/plugins\/seo\/ -->\n<title>Dokumentumok - Ac\u00e9lb\u00f3l \u00e9p\u00edt\u00fcnk<\/title>\n<meta name=\"robots\" content=\"index, follow, max-snippet:-1, max-image-preview:large, max-video-preview:-1\" \/>\n<link rel=\"canonical\" href=\"https:\/\/acelbolepitunk.hu\/de\/dokumentumok-2\/\" \/>\n<meta property=\"og:locale\" content=\"de_DE\" \/>\n<meta property=\"og:type\" content=\"article\" \/>\n<meta property=\"og:title\" content=\"Dokumentumok - Ac\u00e9lb\u00f3l \u00e9p\u00edt\u00fcnk\" \/>\n<meta property=\"og:description\" content=\"Es gibt keinen Textauszug, da dies ein gesch\u00fctzter Beitrag ist.\" \/>\n<meta property=\"og:url\" content=\"https:\/\/acelbolepitunk.hu\/de\/dokumentumok-2\/\" \/>\n<meta property=\"og:site_name\" content=\"Ac\u00e9lb\u00f3l \u00e9p\u00edt\u00fcnk\" \/>\n<meta property=\"article:modified_time\" content=\"2023-07-08T13:50:54+00:00\" \/>\n<meta name=\"twitter:card\" content=\"summary_large_image\" \/>\n<meta name=\"twitter:label1\" content=\"Gesch\u00e4tzte Lesezeit\" \/>\n\t<meta name=\"twitter:data1\" content=\"10\u00a0Minuten\" \/>\n<script type=\"application\/ld+json\" class=\"yoast-schema-graph\">{\"@context\":\"https:\/\/schema.org\",\"@graph\":[{\"@type\":\"WebPage\",\"@id\":\"https:\/\/acelbolepitunk.hu\/dokumentumok-2\/\",\"url\":\"https:\/\/acelbolepitunk.hu\/dokumentumok-2\/\",\"name\":\"Dokumentumok - Ac\u00e9lb\u00f3l \u00e9p\u00edt\u00fcnk\",\"isPartOf\":{\"@id\":\"https:\/\/acelbolepitunk.hu\/#website\"},\"datePublished\":\"2023-06-22T14:01:17+00:00\",\"dateModified\":\"2023-07-08T13:50:54+00:00\",\"breadcrumb\":{\"@id\":\"https:\/\/acelbolepitunk.hu\/dokumentumok-2\/#breadcrumb\"},\"inLanguage\":\"de\"},{\"@type\":\"WebSite\",\"@id\":\"https:\/\/acelbolepitunk.hu\/#website\",\"url\":\"https:\/\/acelbolepitunk.hu\/\",\"name\":\"Ac\u00e9lb\u00f3l \u00e9p\u00edt\u00fcnk\",\"description\":\"Ac\u00e9lb\u00f3l \u00e9p\u00edt\u00fcnk\",\"potentialAction\":[{\"@type\":\"SearchAction\",\"target\":{\"@type\":\"EntryPoint\",\"urlTemplate\":\"https:\/\/acelbolepitunk.hu\/?s={search_term_string}\"},\"query-input\":{\"@type\":\"PropertyValueSpecification\",\"valueRequired\":true,\"valueName\":\"search_term_string\"}}],\"inLanguage\":\"de\"}]}<\/script>\n<!-- \/ Yoast SEO plugin. -->","yoast_head_json":{"title":"Dokumentumok - Ac\u00e9lb\u00f3l \u00e9p\u00edt\u00fcnk","robots":{"index":"index","follow":"follow","max-snippet":"max-snippet:-1","max-image-preview":"max-image-preview:large","max-video-preview":"max-video-preview:-1"},"canonical":"https:\/\/acelbolepitunk.hu\/de\/dokumentumok-2\/","og_locale":"de_DE","og_type":"article","og_title":"Dokumentumok - Ac\u00e9lb\u00f3l \u00e9p\u00edt\u00fcnk","og_description":"Es gibt keinen Textauszug, da dies ein gesch\u00fctzter Beitrag ist.","og_url":"https:\/\/acelbolepitunk.hu\/de\/dokumentumok-2\/","og_site_name":"Ac\u00e9lb\u00f3l \u00e9p\u00edt\u00fcnk","article_modified_time":"2023-07-08T13:50:54+00:00","twitter_card":"summary_large_image","twitter_misc":{"Gesch\u00e4tzte Lesezeit":"10\u00a0Minuten"},"schema":{"@context":"https:\/\/schema.org","@graph":[{"@type":"WebPage","@id":"https:\/\/acelbolepitunk.hu\/dokumentumok-2\/","url":"https:\/\/acelbolepitunk.hu\/dokumentumok-2\/","name":"Dokumentumok - Ac\u00e9lb\u00f3l \u00e9p\u00edt\u00fcnk","isPartOf":{"@id":"https:\/\/acelbolepitunk.hu\/#website"},"datePublished":"2023-06-22T14:01:17+00:00","dateModified":"2023-07-08T13:50:54+00:00","breadcrumb":{"@id":"https:\/\/acelbolepitunk.hu\/dokumentumok-2\/#breadcrumb"},"inLanguage":"de"},{"@type":"WebSite","@id":"https:\/\/acelbolepitunk.hu\/#website","url":"https:\/\/acelbolepitunk.hu\/","name":"Ac\u00e9lb\u00f3l \u00e9p\u00edt\u00fcnk","description":"Ac\u00e9lb\u00f3l \u00e9p\u00edt\u00fcnk","potentialAction":[{"@type":"SearchAction","target":{"@type":"EntryPoint","urlTemplate":"https:\/\/acelbolepitunk.hu\/?s={search_term_string}"},"query-input":{"@type":"PropertyValueSpecification","valueRequired":true,"valueName":"search_term_string"}}],"inLanguage":"de"}]}},"_links":{"self":[{"href":"https:\/\/acelbolepitunk.hu\/de\/wp-json\/wp\/v2\/pages\/108"}],"collection":[{"href":"https:\/\/acelbolepitunk.hu\/de\/wp-json\/wp\/v2\/pages"}],"about":[{"href":"https:\/\/acelbolepitunk.hu\/de\/wp-json\/wp\/v2\/types\/page"}],"author":[{"embeddable":true,"href":"https:\/\/acelbolepitunk.hu\/de\/wp-json\/wp\/v2\/users\/3"}],"replies":[{"embeddable":true,"href":"https:\/\/acelbolepitunk.hu\/de\/wp-json\/wp\/v2\/comments?post=108"}],"version-history":[{"count":7,"href":"https:\/\/acelbolepitunk.hu\/de\/wp-json\/wp\/v2\/pages\/108\/revisions"}],"predecessor-version":[{"id":1510,"href":"https:\/\/acelbolepitunk.hu\/de\/wp-json\/wp\/v2\/pages\/108\/revisions\/1510"}],"wp:attachment":[{"href":"https:\/\/acelbolepitunk.hu\/de\/wp-json\/wp\/v2\/media?parent=108"}],"curies":[{"name":"wp","href":"https:\/\/api.w.org\/{rel}","templated":true}]}}