{"id":2080,"date":"2023-07-12T16:41:29","date_gmt":"2023-07-12T16:41:29","guid":{"rendered":"https:\/\/acelbolepitunk.hu\/?page_id=2080"},"modified":"2023-07-12T20:16:21","modified_gmt":"2023-07-12T20:16:21","slug":"bemutatkozas","status":"publish","type":"page","link":"https:\/\/acelbolepitunk.hu\/de\/bemutatkozas\/","title":{"rendered":"Bemutatkoz\u00e1s"},"content":{"rendered":"<p>[et_pb_section fb_built=&#8221;1&#8243; admin_label=&#8221;Szakasz&#8221; _builder_version=&#8221;4.21.0&#8243; _module_preset=&#8221;default&#8221; background_image=&#8221;https:\/\/acelbolepitunk.hu\/wp-content\/uploads\/2023\/05\/3d-rendering-large-modern-contemporary-house-wood-concrete.webp&#8221; min_height=&#8221;398.2px&#8221; custom_margin=&#8221;-113px||||false|false&#8221; global_colors_info=&#8221;{}&#8221;][et_pb_row _builder_version=&#8221;4.21.0&#8243; _module_preset=&#8221;default&#8221; custom_padding=&#8221;||128px|||&#8221; global_colors_info=&#8221;{}&#8221;][et_pb_column type=&#8221;4_4&#8243; _builder_version=&#8221;4.21.0&#8243; _module_preset=&#8221;default&#8221; global_colors_info=&#8221;{}&#8221;][\/et_pb_column][\/et_pb_row][et_pb_row _builder_version=&#8221;4.21.0&#8243; _module_preset=&#8221;default&#8221; global_colors_info=&#8221;{}&#8221;][et_pb_column type=&#8221;4_4&#8243; _builder_version=&#8221;4.21.0&#8243; _module_preset=&#8221;default&#8221; global_colors_info=&#8221;{}&#8221;][et_pb_text _builder_version=&#8221;4.21.0&#8243; _module_preset=&#8221;default&#8221; header_font_size_tablet=&#8221;&#8221; header_font_size_phone=&#8221;30px&#8221; header_font_size_last_edited=&#8221;on|phone&#8221; global_colors_info=&#8221;{}&#8221;]<\/p>\n<h1><span style=\"color: #ffffff;\">Ac\u00e9lszerkezet-gy\u00e1rt\u00e1s lakoss\u00e1gi c\u00e9lra, kivitelez\u00e9s, telep\u00fcl\u00e9srendez\u00e9si-elj\u00e1r\u00e1sok \u00fcgyint\u00e9z\u00e9se \u00e9s ipari projektek el\u0151k\u00e9sz\u00edt\u00e9se<\/span><\/h1>\n<p>[\/et_pb_text][\/et_pb_column][\/et_pb_row][\/et_pb_section][et_pb_section fb_built=&#8221;1&#8243; _builder_version=&#8221;4.21.0&#8243; _module_preset=&#8221;default&#8221; global_colors_info=&#8221;{}&#8221;][et_pb_row _builder_version=&#8221;4.21.0&#8243; _module_preset=&#8221;default&#8221; global_colors_info=&#8221;{}&#8221;][et_pb_column type=&#8221;4_4&#8243; _builder_version=&#8221;4.21.0&#8243; _module_preset=&#8221;default&#8221; global_colors_info=&#8221;{}&#8221;][et_pb_text _builder_version=&#8221;4.21.0&#8243; _module_preset=&#8221;default&#8221; text_font_size=&#8221;18px&#8221; text_line_height=&#8221;1.8em&#8221; custom_padding=&#8221;|||19px||&#8221; hover_enabled=&#8221;0&#8243; global_colors_info=&#8221;{}&#8221; sticky_enabled=&#8221;0&#8243;]<\/p>\n<p><strong>\u00dcdv\u00f6zl\u00f6m!<\/strong><\/p>\n<p>A nevem Vir\u00e1g Istv\u00e1n.<\/p>\n<p style=\"text-align: justify;\">1989 \u00f3ta foglalkozom a kereskedelmi, ezen bel\u00fcl is els\u0151sorban a nagy\u00e9rt\u00e9k\u0171 term\u00e9kek \u00e9s szolg\u00e1ltat\u00e1sok \u00fcgyint\u00e9z\u00e9s\u00e9vel, illetve mintegy t\u00edz \u00e9ve \u00d6nkorm\u00e1nyzatokn\u00e1l lobbiztam els\u0151sorban lakoss\u00e1gi \u00e9p\u00edt\u00e9si projektek megval\u00f3s\u00edt\u00e1sa \u00e9rdek\u00e9ben. (Gy\u0151r-Szabadhegy Levendula Lak\u00f3park projekt \u00e9s az arra \u00e9p\u00fcl\u0151 tov\u00e1bbi fejleszt\u00e9sek elind\u00edt\u00e1sa, Gy\u0151r-B\u00e1csa v\u00e1rosr\u00e9sz &#8222;Lke&#8221; &#8211; kertv\u00e1rosi &#8211; tip\u00fas\u00fa fejleszt\u00e9s\u00e9nek elind\u00edt\u00e1sa vagy a Gy\u0151r-Szabadhegy, Ger\u0151-major &#8222;Lf&#8221; jelleg\u0171 projekt elind\u00edt\u00e1sa stb.)<\/p>\n<p style=\"text-align: justify;\">Megb\u00edz\u00f3im v\u00e1llalkoz\u00f3k, telektulajdonosok voltak, amikor a ter\u00fcletfejleszt\u00e9si munka sor\u00e1n szoros kapcsolat alakult ki telep\u00fcl\u00e9sm\u00e9rn\u00f6k\u00f6kkel, \u00e9p\u00edt\u00e9szekkel, k\u00f6zm\u0171tervez\u0151kkel, ingatlank\u00f6zvet\u00edt\u0151kkel, \u00e9p\u00edt\u00e9si v\u00e1lalkoz\u00f3kkal.<\/p>\n<p style=\"text-align: justify;\">Munk\u00e1m ma m\u00e1r nem csak egy-egy, az adott telep\u00fcl\u00e9s arculat\u00e1t meghat\u00e1roz\u00f3 \u00e9p\u00edt\u00e9si projekt koordin\u00e1l\u00e1sa \u00e9s a munk\u00e1ban r\u00e9sztvev\u0151k egym\u00e1s k\u00f6z\u00f6tti kapcsolat\u00e1nak moder\u00e1l\u00e1sa, hanem a projektek teljesk\u00f6r\u0171 szervez\u00e9se a k\u00fclter\u00fcleti f\u00f6ldek m\u0171vel\u00e9si \u00e1g\u00e1b\u00f3l t\u00f6rt\u00e9n\u0151 kivon\u00e1s\u00e1t\u00f3l kezdve eg\u00e9szen a leend\u0151 lak\u00e1sok, h\u00e1zak \u00e9s ipari l\u00e9tes\u00edtm\u00e9nyek haszn\u00e1latbav\u00e9tel\u00e9ig terjed\u0151 munkafolyamatban \u00e9rintett r\u00e9sztvev\u0151k k\u00f6z\u00f6tti munkakapcsolat koordin\u00e1l\u00e1sa.<\/p>\n<p style=\"text-align: justify;\">Mindez azt jelenti, hogy az elm\u00falt \u00e9vekben megismert, \u00e9s a munk\u00e1juk sor\u00e1n m\u00e1r bizony\u00edtott tervez\u0151irod\u00e1k, v\u00e1llalkoz\u00f3k, besz\u00e1ll\u00edt\u00f3k, kivitelez\u0151k \u00e9s \u00fcgyv\u00e9dek megsz\u00f3l\u00edt\u00e1s\u00e1val gyakorlatilag &#8222;k\u00e9sz csapatot&#8221; biztos\u00edtok partnereim r\u00e9sz\u00e9re.<\/p>\n<p style=\"text-align: justify;\">Term\u00e9szetesen azon \u00fcgyt\u00edpusokat is \u00f6r\u00f6mmel v\u00e1llalom amikor jelent\u0151sebb volumen\u0171 ipari projektek eset\u00e9ben a <a href=\"https:\/\/hipa.hu\/hu\/\">HIPA &#8211; Nemzeti Beruh\u00e1z\u00e1si \u00dcgyn\u00f6ks\u00e9g &#8211;<\/a> sz\u00fcks\u00e9ges egy-egy projekt fel\u00e9p\u00edt\u00e9se \u00e9s \u00e9rt\u00e9kes\u00edt\u00e9se, de ugyan\u00edgy fontos sz\u00e1momra a <a href=\"https:\/\/gymsmkik.hu\/kezdolap\">GYMSMKIK<\/a>-el val\u00f3 kiv\u00e1l\u00f3 munkakapcsolat.<\/p>\n<p style=\"text-align: justify;\"><span style=\"text-decoration: underline;\">\u00cdgy nem marad m\u00e1s h\u00e1tra, mint hogy felaj\u00e1nljam az egy\u00fcttm\u0171k\u00f6d\u00e9st az al\u00e1bbi \u00fcgyt\u00edpusokban:<\/span><\/p>\n<p><span style=\"text-decoration: underline;\"><\/span><\/p>\n<ul>\n<li>Telep\u00fcl\u00e9srendez\u00e9si elj\u00e1r\u00e1sok teljesk\u00f6r\u0171 \u00fcgyint\u00e9z\u00e9se megb\u00edz\u00e1si szerz\u0151d\u00e9s alapj\u00e1n<\/li>\n<li><span style=\"color: #333333;\">K\u00fcl-\u00e9s belter\u00fcleti f\u00f6ldek hasznos\u00edt\u00e1s\u00e1t lehet\u0151v\u00e9 tev\u0151, \u00e9p\u00edt\u00e9sjogi felt\u00e9teleknek megfelel\u0151 jellemz\u0151inek a kialak\u00edt\u00e1sa<\/span><\/li>\n<li><span style=\"color: #333333;\">Ac\u00e9lszerkezetes \u00e9p\u00edt\u00e9s tervez\u00e9st\u0151l a kulcsrak\u00e9sz \u00e1tad\u00e1sig lakoss\u00e1gi \u00e9s ipari felhaszn\u00e1l\u00f3k r\u00e9sz\u00e9re projekt koordin\u00e1l\u00e1s<\/span><\/li>\n<li><span style=\"color: #333333;\">Nem hasznos\u00edtott k\u00fcl \u00e9s belter\u00fcleti f\u00f6ldter\u00fcletek menedzsel\u00e9se, \u00e9rt\u00e9kn\u00f6vel\u0151 projektek tervez\u00e9se \u00e9s megval\u00f3s\u00edt\u00e1sa<\/span><\/li>\n<li><span style=\"color: #333333;\">Beruh\u00e1z\u00f3k r\u00e9sz\u00e9re fejleszt\u00e9si ter\u00fcletek felkutat\u00e1sa, beruh\u00e1z\u00e1s el\u0151k\u00e9sz\u00edt\u00e9se ig\u00e9ny eset\u00e9n projektvezet\u00e9se<\/span><\/li>\n<li><span style=\"color: #333333;\">Egy\u00e9b ingatlanprojektek v\u00e1ls\u00e1gmenedzsel\u00e9se, beruh\u00e1z\u00f3k felkutat\u00e1sa, k\u00f6zvet\u00edt\u00e9se<\/span><\/li>\n<li><span style=\"color: #333333;\">Ingatlank\u00f6zvet\u00edt\u00e9s lakoss\u00e1gi \u00e9s ipari szegmensben<\/span><span style=\"color: #000000;\"><\/span><\/li>\n<\/ul>\n<p><span style=\"color: #000000;\"><\/span><\/p>\n<p><span style=\"color: #000000;\">Tisztelettel: Vir\u00e1g Istv\u00e1n<\/span><\/p>\n<ul><\/ul>\n<p>[\/et_pb_text][\/et_pb_column][\/et_pb_row][\/et_pb_section]<\/p>","protected":false},"excerpt":{"rendered":"<p>Ac\u00e9lszerkezet-gy\u00e1rt\u00e1s lakoss\u00e1gi c\u00e9lra, kivitelez\u00e9s, telep\u00fcl\u00e9srendez\u00e9si-elj\u00e1r\u00e1sok \u00fcgyint\u00e9z\u00e9se \u00e9s ipari projektek el\u0151k\u00e9sz\u00edt\u00e9se\u00dcdv\u00f6zl\u00f6m! A nevem Vir\u00e1g Istv\u00e1n. 1989 \u00f3ta foglalkozom a kereskedelmi, ezen bel\u00fcl is els\u0151sorban a nagy\u00e9rt\u00e9k\u0171 term\u00e9kek \u00e9s szolg\u00e1ltat\u00e1sok \u00fcgyint\u00e9z\u00e9s\u00e9vel, illetve mintegy t\u00edz \u00e9ve \u00d6nkorm\u00e1nyzatokn\u00e1l lobbiztam els\u0151sorban lakoss\u00e1gi \u00e9p\u00edt\u00e9si projektek megval\u00f3s\u00edt\u00e1sa \u00e9rdek\u00e9ben. (Gy\u0151r-Szabadhegy Levendula Lak\u00f3park projekt \u00e9s az arra \u00e9p\u00fcl\u0151 tov\u00e1bbi fejleszt\u00e9sek elind\u00edt\u00e1sa, Gy\u0151r-B\u00e1csa v\u00e1rosr\u00e9sz &#8222;Lke&#8221; [&hellip;]<\/p>","protected":false},"author":2,"featured_media":0,"parent":0,"menu_order":0,"comment_status":"closed","ping_status":"closed","template":"","meta":{"_et_pb_use_builder":"on","_et_pb_old_content":"","_et_gb_content_width":"","footnotes":""},"yoast_head":"<!-- This site is optimized with the Yoast SEO plugin v24.0 - https:\/\/yoast.com\/wordpress\/plugins\/seo\/ -->\n<title>Bemutatkoz\u00e1s - Ac\u00e9lb\u00f3l \u00e9p\u00edt\u00fcnk<\/title>\n<meta name=\"robots\" content=\"index, follow, max-snippet:-1, max-image-preview:large, max-video-preview:-1\" \/>\n<link rel=\"canonical\" href=\"https:\/\/acelbolepitunk.hu\/de\/bemutatkozas\/\" \/>\n<meta property=\"og:locale\" content=\"de_DE\" \/>\n<meta property=\"og:type\" content=\"article\" \/>\n<meta property=\"og:title\" content=\"Bemutatkoz\u00e1s - Ac\u00e9lb\u00f3l \u00e9p\u00edt\u00fcnk\" \/>\n<meta property=\"og:description\" content=\"Ac\u00e9lszerkezet-gy\u00e1rt\u00e1s lakoss\u00e1gi c\u00e9lra, kivitelez\u00e9s, telep\u00fcl\u00e9srendez\u00e9si-elj\u00e1r\u00e1sok \u00fcgyint\u00e9z\u00e9se \u00e9s ipari projektek el\u0151k\u00e9sz\u00edt\u00e9se\u00dcdv\u00f6zl\u00f6m! A nevem Vir\u00e1g Istv\u00e1n. 1989 \u00f3ta foglalkozom a kereskedelmi, ezen bel\u00fcl is els\u0151sorban a nagy\u00e9rt\u00e9k\u0171 term\u00e9kek \u00e9s szolg\u00e1ltat\u00e1sok \u00fcgyint\u00e9z\u00e9s\u00e9vel, illetve mintegy t\u00edz \u00e9ve \u00d6nkorm\u00e1nyzatokn\u00e1l lobbiztam els\u0151sorban lakoss\u00e1gi \u00e9p\u00edt\u00e9si projektek megval\u00f3s\u00edt\u00e1sa \u00e9rdek\u00e9ben. (Gy\u0151r-Szabadhegy Levendula Lak\u00f3park projekt \u00e9s az arra \u00e9p\u00fcl\u0151 tov\u00e1bbi fejleszt\u00e9sek elind\u00edt\u00e1sa, Gy\u0151r-B\u00e1csa v\u00e1rosr\u00e9sz &quot;Lke&quot; [&hellip;]\" \/>\n<meta property=\"og:url\" content=\"https:\/\/acelbolepitunk.hu\/de\/bemutatkozas\/\" \/>\n<meta property=\"og:site_name\" content=\"Ac\u00e9lb\u00f3l \u00e9p\u00edt\u00fcnk\" \/>\n<meta property=\"article:modified_time\" content=\"2023-07-12T20:16:21+00:00\" \/>\n<meta name=\"twitter:card\" content=\"summary_large_image\" \/>\n<meta name=\"twitter:label1\" content=\"Gesch\u00e4tzte Lesezeit\" \/>\n\t<meta name=\"twitter:data1\" content=\"4\u00a0Minuten\" \/>\n<script type=\"application\/ld+json\" class=\"yoast-schema-graph\">{\"@context\":\"https:\/\/schema.org\",\"@graph\":[{\"@type\":\"WebPage\",\"@id\":\"https:\/\/acelbolepitunk.hu\/bemutatkozas\/\",\"url\":\"https:\/\/acelbolepitunk.hu\/bemutatkozas\/\",\"name\":\"Bemutatkoz\u00e1s - Ac\u00e9lb\u00f3l \u00e9p\u00edt\u00fcnk\",\"isPartOf\":{\"@id\":\"https:\/\/acelbolepitunk.hu\/#website\"},\"datePublished\":\"2023-07-12T16:41:29+00:00\",\"dateModified\":\"2023-07-12T20:16:21+00:00\",\"breadcrumb\":{\"@id\":\"https:\/\/acelbolepitunk.hu\/bemutatkozas\/#breadcrumb\"},\"inLanguage\":\"de\",\"potentialAction\":[{\"@type\":\"ReadAction\",\"target\":[\"https:\/\/acelbolepitunk.hu\/bemutatkozas\/\"]}]},{\"@type\":\"BreadcrumbList\",\"@id\":\"https:\/\/acelbolepitunk.hu\/bemutatkozas\/#breadcrumb\",\"itemListElement\":[{\"@type\":\"ListItem\",\"position\":1,\"name\":\"Kezd\u0151lap\",\"item\":\"https:\/\/acelbolepitunk.hu\/\"},{\"@type\":\"ListItem\",\"position\":2,\"name\":\"Bemutatkoz\u00e1s\"}]},{\"@type\":\"WebSite\",\"@id\":\"https:\/\/acelbolepitunk.hu\/#website\",\"url\":\"https:\/\/acelbolepitunk.hu\/\",\"name\":\"Ac\u00e9lb\u00f3l \u00e9p\u00edt\u00fcnk\",\"description\":\"Ac\u00e9lb\u00f3l \u00e9p\u00edt\u00fcnk\",\"potentialAction\":[{\"@type\":\"SearchAction\",\"target\":{\"@type\":\"EntryPoint\",\"urlTemplate\":\"https:\/\/acelbolepitunk.hu\/?s={search_term_string}\"},\"query-input\":{\"@type\":\"PropertyValueSpecification\",\"valueRequired\":true,\"valueName\":\"search_term_string\"}}],\"inLanguage\":\"de\"}]}<\/script>\n<!-- \/ Yoast SEO plugin. -->","yoast_head_json":{"title":"Bemutatkoz\u00e1s - Ac\u00e9lb\u00f3l \u00e9p\u00edt\u00fcnk","robots":{"index":"index","follow":"follow","max-snippet":"max-snippet:-1","max-image-preview":"max-image-preview:large","max-video-preview":"max-video-preview:-1"},"canonical":"https:\/\/acelbolepitunk.hu\/de\/bemutatkozas\/","og_locale":"de_DE","og_type":"article","og_title":"Bemutatkoz\u00e1s - Ac\u00e9lb\u00f3l \u00e9p\u00edt\u00fcnk","og_description":"Ac\u00e9lszerkezet-gy\u00e1rt\u00e1s lakoss\u00e1gi c\u00e9lra, kivitelez\u00e9s, telep\u00fcl\u00e9srendez\u00e9si-elj\u00e1r\u00e1sok \u00fcgyint\u00e9z\u00e9se \u00e9s ipari projektek el\u0151k\u00e9sz\u00edt\u00e9se\u00dcdv\u00f6zl\u00f6m! A nevem Vir\u00e1g Istv\u00e1n. 1989 \u00f3ta foglalkozom a kereskedelmi, ezen bel\u00fcl is els\u0151sorban a nagy\u00e9rt\u00e9k\u0171 term\u00e9kek \u00e9s szolg\u00e1ltat\u00e1sok \u00fcgyint\u00e9z\u00e9s\u00e9vel, illetve mintegy t\u00edz \u00e9ve \u00d6nkorm\u00e1nyzatokn\u00e1l lobbiztam els\u0151sorban lakoss\u00e1gi \u00e9p\u00edt\u00e9si projektek megval\u00f3s\u00edt\u00e1sa \u00e9rdek\u00e9ben. (Gy\u0151r-Szabadhegy Levendula Lak\u00f3park projekt \u00e9s az arra \u00e9p\u00fcl\u0151 tov\u00e1bbi fejleszt\u00e9sek elind\u00edt\u00e1sa, Gy\u0151r-B\u00e1csa v\u00e1rosr\u00e9sz \"Lke\" [&hellip;]","og_url":"https:\/\/acelbolepitunk.hu\/de\/bemutatkozas\/","og_site_name":"Ac\u00e9lb\u00f3l \u00e9p\u00edt\u00fcnk","article_modified_time":"2023-07-12T20:16:21+00:00","twitter_card":"summary_large_image","twitter_misc":{"Gesch\u00e4tzte Lesezeit":"4\u00a0Minuten"},"schema":{"@context":"https:\/\/schema.org","@graph":[{"@type":"WebPage","@id":"https:\/\/acelbolepitunk.hu\/bemutatkozas\/","url":"https:\/\/acelbolepitunk.hu\/bemutatkozas\/","name":"Bemutatkoz\u00e1s - Ac\u00e9lb\u00f3l \u00e9p\u00edt\u00fcnk","isPartOf":{"@id":"https:\/\/acelbolepitunk.hu\/#website"},"datePublished":"2023-07-12T16:41:29+00:00","dateModified":"2023-07-12T20:16:21+00:00","breadcrumb":{"@id":"https:\/\/acelbolepitunk.hu\/bemutatkozas\/#breadcrumb"},"inLanguage":"de","potentialAction":[{"@type":"ReadAction","target":["https:\/\/acelbolepitunk.hu\/bemutatkozas\/"]}]},{"@type":"BreadcrumbList","@id":"https:\/\/acelbolepitunk.hu\/bemutatkozas\/#breadcrumb","itemListElement":[{"@type":"ListItem","position":1,"name":"Kezd\u0151lap","item":"https:\/\/acelbolepitunk.hu\/"},{"@type":"ListItem","position":2,"name":"Bemutatkoz\u00e1s"}]},{"@type":"WebSite","@id":"https:\/\/acelbolepitunk.hu\/#website","url":"https:\/\/acelbolepitunk.hu\/","name":"Ac\u00e9lb\u00f3l \u00e9p\u00edt\u00fcnk","description":"Ac\u00e9lb\u00f3l \u00e9p\u00edt\u00fcnk","potentialAction":[{"@type":"SearchAction","target":{"@type":"EntryPoint","urlTemplate":"https:\/\/acelbolepitunk.hu\/?s={search_term_string}"},"query-input":{"@type":"PropertyValueSpecification","valueRequired":true,"valueName":"search_term_string"}}],"inLanguage":"de"}]}},"_links":{"self":[{"href":"https:\/\/acelbolepitunk.hu\/de\/wp-json\/wp\/v2\/pages\/2080"}],"collection":[{"href":"https:\/\/acelbolepitunk.hu\/de\/wp-json\/wp\/v2\/pages"}],"about":[{"href":"https:\/\/acelbolepitunk.hu\/de\/wp-json\/wp\/v2\/types\/page"}],"author":[{"embeddable":true,"href":"https:\/\/acelbolepitunk.hu\/de\/wp-json\/wp\/v2\/users\/2"}],"replies":[{"embeddable":true,"href":"https:\/\/acelbolepitunk.hu\/de\/wp-json\/wp\/v2\/comments?post=2080"}],"version-history":[{"count":5,"href":"https:\/\/acelbolepitunk.hu\/de\/wp-json\/wp\/v2\/pages\/2080\/revisions"}],"predecessor-version":[{"id":2119,"href":"https:\/\/acelbolepitunk.hu\/de\/wp-json\/wp\/v2\/pages\/2080\/revisions\/2119"}],"wp:attachment":[{"href":"https:\/\/acelbolepitunk.hu\/de\/wp-json\/wp\/v2\/media?parent=2080"}],"curies":[{"name":"wp","href":"https:\/\/api.w.org\/{rel}","templated":true}]}}