{"id":2329,"date":"2023-07-15T11:31:40","date_gmt":"2023-07-15T11:31:40","guid":{"rendered":"https:\/\/acelbolepitunk.hu\/?page_id=2329"},"modified":"2023-07-26T16:25:39","modified_gmt":"2023-07-26T16:25:39","slug":"lakossagi-projektek-2","status":"publish","type":"page","link":"https:\/\/acelbolepitunk.hu\/de\/lakossagi-projektek-2\/","title":{"rendered":"Lakoss\u00e1gi projektek"},"content":{"rendered":"<p>[et_pb_section fb_built=&#8221;1&#8243; _builder_version=&#8221;4.21.0&#8243; _module_preset=&#8221;default&#8221; use_background_color_gradient=&#8221;on&#8221; background_color_gradient_stops=&#8221;#4d524b 0%|rgba(255,255,255,0) 100%&#8221; background_image=&#8221;https:\/\/acelbolepitunk.hu\/wp-content\/uploads\/2023\/07\/hesz1.jpg&#8221; background_position=&#8221;bottom_center&#8221; background_vertical_offset=&#8221;30%&#8221; background_blend=&#8221;multiply&#8221; min_height=&#8221;500px&#8221; height=&#8221;500px&#8221; max_height=&#8221;500px&#8221; custom_margin=&#8221;-122px||||false|false&#8221; global_colors_info=&#8221;{}&#8221;][et_pb_row _builder_version=&#8221;4.21.0&#8243; _module_preset=&#8221;default&#8221; custom_margin=&#8221;14vw||6vw||false|false&#8221; global_colors_info=&#8221;{}&#8221;][et_pb_column type=&#8221;4_4&#8243; _builder_version=&#8221;4.21.0&#8243; _module_preset=&#8221;default&#8221; global_colors_info=&#8221;{}&#8221;][et_pb_text _builder_version=&#8221;4.21.0&#8243; _module_preset=&#8221;default&#8221; header_font=&#8221;Anaheim||||||||&#8221; header_text_color=&#8221;#FFFFFF&#8221; header_font_size=&#8221;80px&#8221; header_font_size_tablet=&#8221;80px&#8221; header_font_size_phone=&#8221;40px&#8221; header_font_size_last_edited=&#8221;on|phone&#8221; global_colors_info=&#8221;{}&#8221;]<\/p>\n<h1><span>Lakoss\u00e1gi projektek<\/span><\/h1>\n<p><span><\/span><\/p>\n<p>[\/et_pb_text][\/et_pb_column][\/et_pb_row][\/et_pb_section][et_pb_section fb_built=&#8221;1&#8243; _builder_version=&#8221;4.21.0&#8243; _module_preset=&#8221;default&#8221; global_colors_info=&#8221;{}&#8221;][et_pb_row _builder_version=&#8221;4.21.0&#8243; _module_preset=&#8221;default&#8221; global_colors_info=&#8221;{}&#8221;][et_pb_column type=&#8221;4_4&#8243; _builder_version=&#8221;4.21.0&#8243; _module_preset=&#8221;default&#8221; global_colors_info=&#8221;{}&#8221;][et_pb_text _builder_version=&#8221;4.21.0&#8243; _module_preset=&#8221;default&#8221; link_option_url=&#8221;https:\/\/acelbolepitunk.hu\/kehidakustany\/&#8221; global_colors_info=&#8221;{}&#8221;]<\/p>\n<h3 style=\"text-align: center;\">Kehidakust\u00e1ny<\/h3>\n<p style=\"text-align: center;\">50HA telekm\u00e9ret, belter\u00fcleti\u00a0 \u00e1tmin\u0151s\u00edt\u00e9s megt\u00f6rt\u00e9nt<\/p>\n<p style=\"text-align: center;\">teljesk\u00f6r\u0171 \u00f6nkorm\u00e1nyzati t\u00e1mogat\u00e1s<\/p>\n<p style=\"text-align: center;\">kiv\u00e1l\u00f3 lok\u00e1ci\u00f3 ak\u00e1r idegenforgalom ak\u00e1r \u00e9letvitelszer\u0171 haszn\u00e1lat szerint<\/p>\n<p>[\/et_pb_text][et_pb_divider _builder_version=&#8221;4.21.0&#8243; _module_preset=&#8221;default&#8221; global_colors_info=&#8221;{}&#8221;][\/et_pb_divider][et_pb_text _builder_version=&#8221;4.21.0&#8243; _module_preset=&#8221;default&#8221; link_option_url=&#8221;https:\/\/acelbolepitunk.hu\/bony\/&#8221; global_colors_info=&#8221;{}&#8221;]<\/p>\n<h3 style=\"text-align: center;\">B\u0151ny<\/h3>\n<p style=\"text-align: center;\">14,4HA projektter\u00fclet<\/p>\n<p style=\"text-align: center;\">162 telek,\u00a0teljesk\u00f6r\u0171 \u00f6nkorm\u00e1nyzati t\u00e1mogat\u00e1s<\/p>\n<p style=\"text-align: center;\">kiv\u00e1l\u00f3 lok\u00e1ci\u00f3 ak\u00e1r Gy\u0151rh\u00f6z, ak\u00e1r az aut\u00f3p\u00e1ly\u00e1hoz \u00edgy t\u00e1volabbi \u00fatic\u00e9lok viszonylat\u00e1ban<\/p>\n<p>[\/et_pb_text][et_pb_divider _builder_version=&#8221;4.21.0&#8243; _module_preset=&#8221;default&#8221; global_colors_info=&#8221;{}&#8221;][\/et_pb_divider][et_pb_text _builder_version=&#8221;4.21.0&#8243; _module_preset=&#8221;default&#8221; link_option_url=&#8221;https:\/\/acelbolepitunk.hu\/szigliget-2\/&#8221; global_colors_info=&#8221;{}&#8221;]<\/p>\n<h3 style=\"text-align: center;\">Szigliget<\/h3>\n<p style=\"text-align: center;\">0,8HA telekm\u00e9ret, belter\u00fcleti\u00a0 projekt<\/p>\n<p style=\"text-align: center;\">teljesk\u00f6r\u0171 \u00f6nkorm\u00e1nyzati t\u00e1mogat\u00e1s, ki\u00e9p\u00edtett \u00fat \u00e9s k\u00f6zm\u0171h\u00e1l\u00f3zat<\/p>\n<p style=\"text-align: center;\">kiv\u00e1l\u00f3 lok\u00e1ci\u00f3 ak\u00e1r idegenforgalom ak\u00e1r \u00e9letvitelszer\u0171 haszn\u00e1lat szerint<\/p>\n<p>[\/et_pb_text][et_pb_divider _builder_version=&#8221;4.21.0&#8243; _module_preset=&#8221;default&#8221; global_colors_info=&#8221;{}&#8221;][\/et_pb_divider][et_pb_text _builder_version=&#8221;4.21.0&#8243; _module_preset=&#8221;default&#8221; link_option_url=&#8221;https:\/\/acelbolepitunk.hu\/zalacsany\/&#8221; global_colors_info=&#8221;{}&#8221;]<\/p>\n<h3 style=\"text-align: center;\">Zalacs\u00e1ny<\/h3>\n<p style=\"text-align: center;\">5&#215;6 lak\u00e1sos lakoss\u00e1gi plusz e\u00fc-rekre\u00e1ci\u00f3s projekt<\/p>\n<p style=\"text-align: center;\">Teljesk\u00f6r\u0171 \u00f6nkorm\u00e1nyzati t\u00e1mogat\u00e1s, f\u0151\u00fatcsatlakoz\u00e1s megl\u00e9v\u0151 k\u00f6zm\u0171vekkel<\/p>\n<p style=\"text-align: center;\">Kiv\u00e1l\u00f3 lok\u00e1ci\u00f3 ak\u00e1r idegenforgalom ak\u00e1r \u00e9letvitelszer\u0171 haszn\u00e1lat eset\u00e9n<\/p>\n<p>[\/et_pb_text][et_pb_divider _builder_version=&#8221;4.21.0&#8243; _module_preset=&#8221;default&#8221; global_colors_info=&#8221;{}&#8221;][\/et_pb_divider][\/et_pb_column][\/et_pb_row][\/et_pb_section][et_pb_section fb_built=&#8221;1&#8243; _builder_version=&#8221;4.21.0&#8243; _module_preset=&#8221;default&#8221; background_color=&#8221;#d9d4c0&#8243; global_colors_info=&#8221;{}&#8221;][et_pb_row column_structure=&#8221;3_5,2_5&#8243; use_custom_gutter=&#8221;on&#8221; make_equal=&#8221;on&#8221; _builder_version=&#8221;4.21.0&#8243; _module_preset=&#8221;default&#8221; background_color=&#8221;#d9d4c0&#8243; global_colors_info=&#8221;{}&#8221;][et_pb_column type=&#8221;3_5&#8243; _builder_version=&#8221;4.21.0&#8243; _module_preset=&#8221;default&#8221; global_colors_info=&#8221;{}&#8221;][et_pb_contact_form email=&#8221;viszigyor@t-online.hu&#8221; use_redirect=&#8221;on&#8221; redirect_url=&#8221;\/koszonjuk&#8221; _builder_version=&#8221;4.21.0&#8243; _module_preset=&#8221;default&#8221; _unique_id=&#8221;36883c6d-e694-414f-abe7-546681132389&#8243; form_field_background_color=&#8221;rgba(255,255,255,0.67)&#8221; form_field_text_color=&#8221;#4d524b&#8221; captcha_font=&#8221;Poppins|300|||||||&#8221; captcha_text_color=&#8221;#4d524b&#8221; captcha_font_size=&#8221;18px&#8221; form_field_font=&#8221;Poppins|300|||||||&#8221; form_field_font_size=&#8221;18px&#8221; background_enable_color=&#8221;off&#8221; custom_button=&#8221;on&#8221; button_text_color=&#8221;#d9d4c0&#8243; button_bg_color=&#8221;#4d524b&#8221; button_border_width=&#8221;0px&#8221; button_custom_padding=&#8221;|40px||40px|false|true&#8221; custom_padding=&#8221;||||false|true&#8221; global_colors_info=&#8221;{}&#8221;][et_pb_contact_field field_id=&#8221;Name&#8221; field_title=&#8221;N\u00e9v&#8221; _builder_version=&#8221;4.21.0&#8243; border_width_bottom=&#8221;1px&#8221; global_colors_info=&#8221;{}&#8221; button_text_size__hover_enabled=&#8221;off&#8221; button_one_text_size__hover_enabled=&#8221;off&#8221; button_two_text_size__hover_enabled=&#8221;off&#8221; button_text_color__hover_enabled=&#8221;off&#8221; button_one_text_color__hover_enabled=&#8221;off&#8221; button_two_text_color__hover_enabled=&#8221;off&#8221; button_border_width__hover_enabled=&#8221;off&#8221; button_one_border_width__hover_enabled=&#8221;off&#8221; button_two_border_width__hover_enabled=&#8221;off&#8221; button_border_color__hover_enabled=&#8221;off&#8221; button_one_border_color__hover_enabled=&#8221;off&#8221; button_two_border_color__hover_enabled=&#8221;off&#8221; button_border_radius__hover_enabled=&#8221;off&#8221; button_one_border_radius__hover_enabled=&#8221;off&#8221; button_two_border_radius__hover_enabled=&#8221;off&#8221; button_letter_spacing__hover_enabled=&#8221;off&#8221; button_one_letter_spacing__hover_enabled=&#8221;off&#8221; button_two_letter_spacing__hover_enabled=&#8221;off&#8221; button_bg_color__hover_enabled=&#8221;off&#8221; button_one_bg_color__hover_enabled=&#8221;off&#8221; button_two_bg_color__hover_enabled=&#8221;off&#8221;][\/et_pb_contact_field][et_pb_contact_field field_id=&#8221;Email_2&#8243; field_title=&#8221;E-mail c\u00edm&#8221; field_type=&#8221;email&#8221; _builder_version=&#8221;4.21.0&#8243; border_width_bottom=&#8221;1px&#8221; global_colors_info=&#8221;{}&#8221; button_text_size__hover_enabled=&#8221;off&#8221; button_one_text_size__hover_enabled=&#8221;off&#8221; button_two_text_size__hover_enabled=&#8221;off&#8221; button_text_color__hover_enabled=&#8221;off&#8221; button_one_text_color__hover_enabled=&#8221;off&#8221; button_two_text_color__hover_enabled=&#8221;off&#8221; button_border_width__hover_enabled=&#8221;off&#8221; button_one_border_width__hover_enabled=&#8221;off&#8221; button_two_border_width__hover_enabled=&#8221;off&#8221; button_border_color__hover_enabled=&#8221;off&#8221; button_one_border_color__hover_enabled=&#8221;off&#8221; button_two_border_color__hover_enabled=&#8221;off&#8221; button_border_radius__hover_enabled=&#8221;off&#8221; button_one_border_radius__hover_enabled=&#8221;off&#8221; button_two_border_radius__hover_enabled=&#8221;off&#8221; button_letter_spacing__hover_enabled=&#8221;off&#8221; button_one_letter_spacing__hover_enabled=&#8221;off&#8221; button_two_letter_spacing__hover_enabled=&#8221;off&#8221; button_bg_color__hover_enabled=&#8221;off&#8221; button_one_bg_color__hover_enabled=&#8221;off&#8221; button_two_bg_color__hover_enabled=&#8221;off&#8221;][\/et_pb_contact_field][et_pb_contact_field field_id=&#8221;Message&#8221; field_title=&#8221;\u00dczenet&#8221; field_type=&#8221;text&#8221; fullwidth_field=&#8221;on&#8221; _builder_version=&#8221;4.21.0&#8243; border_width_bottom=&#8221;1px&#8221; global_colors_info=&#8221;{}&#8221; button_text_size__hover_enabled=&#8221;off&#8221; button_one_text_size__hover_enabled=&#8221;off&#8221; button_two_text_size__hover_enabled=&#8221;off&#8221; button_text_color__hover_enabled=&#8221;off&#8221; button_one_text_color__hover_enabled=&#8221;off&#8221; button_two_text_color__hover_enabled=&#8221;off&#8221; button_border_width__hover_enabled=&#8221;off&#8221; button_one_border_width__hover_enabled=&#8221;off&#8221; button_two_border_width__hover_enabled=&#8221;off&#8221; button_border_color__hover_enabled=&#8221;off&#8221; button_one_border_color__hover_enabled=&#8221;off&#8221; button_two_border_color__hover_enabled=&#8221;off&#8221; button_border_radius__hover_enabled=&#8221;off&#8221; button_one_border_radius__hover_enabled=&#8221;off&#8221; button_two_border_radius__hover_enabled=&#8221;off&#8221; button_letter_spacing__hover_enabled=&#8221;off&#8221; button_one_letter_spacing__hover_enabled=&#8221;off&#8221; button_two_letter_spacing__hover_enabled=&#8221;off&#8221; button_bg_color__hover_enabled=&#8221;off&#8221; button_one_bg_color__hover_enabled=&#8221;off&#8221; button_two_bg_color__hover_enabled=&#8221;off&#8221;][\/et_pb_contact_field][et_pb_contact_field field_id=&#8221;Field_4&#8243; field_title=&#8221; &#8221; field_type=&#8221;checkbox&#8221; checkbox_options=&#8221;%91{%22value%22:%22Elolvastam \u00e9s elfogadom %22,%22checked%22:0,%22dragID%22:-1,%22link_url%22:%22\/adatvedelem%22,%22link_text%22:%22az adatkezel\u00e9si t\u00e1j\u00e9koztat\u00f3t%22}%93&#8243; fullwidth_field=&#8221;on&#8221; _builder_version=&#8221;4.21.0&#8243; _module_preset=&#8221;default&#8221; global_colors_info=&#8221;{}&#8221;][\/et_pb_contact_field][\/et_pb_contact_form][\/et_pb_column][et_pb_column type=&#8221;2_5&#8243; _builder_version=&#8221;4.21.0&#8243; _module_preset=&#8221;default&#8221; background_color=&#8221;#d9d4c0&#8243; custom_padding=&#8221;||||false|false&#8221; global_colors_info=&#8221;{}&#8221;][et_pb_text _builder_version=&#8221;4.21.0&#8243; _module_preset=&#8221;default&#8221; text_font=&#8221;|300|||||||&#8221; text_text_color=&#8221;#4d524b&#8221; text_font_size=&#8221;20px&#8221; header_2_font=&#8221;Anaheim||||||||&#8221; header_2_text_align=&#8221;left&#8221; header_2_font_size=&#8221;50px&#8221; custom_margin=&#8221;||3vw||false|false&#8221; global_colors_info=&#8221;{}&#8221;]<\/p>\n<h2>Tudunk seg\u00edteni?<\/h2>\n<p>Vegye fel vel\u00fcnk a kapcsolatot!<\/p>\n<p>[\/et_pb_text][et_pb_blurb title=&#8221;+3620-495-3359&#8243; use_icon=&#8221;on&#8221; font_icon=&#8221;&#xe090;||divi||400&#8243; icon_color=&#8221;#4d524b&#8221; icon_placement=&#8221;left&#8221; image_icon_width=&#8221;20px&#8221; _builder_version=&#8221;4.21.0&#8243; _module_preset=&#8221;default&#8221; header_font=&#8221;Poppins|300|||||||&#8221; header_text_color=&#8221;#4d524b&#8221; positioning=&#8221;relative&#8221; position_origin_a=&#8221;center_center&#8221; width=&#8221;100%&#8221; module_alignment=&#8221;center&#8221; custom_padding=&#8221;||||false|false&#8221; custom_css_main_element=&#8221;align-self: center&#8221; global_colors_info=&#8221;{}&#8221;][\/et_pb_blurb][et_pb_blurb title=&#8221;viszigyor@t-online.hu&#8221; use_icon=&#8221;on&#8221; font_icon=&#8221;&#xe076;||divi||400&#8243; icon_color=&#8221;#4d524b&#8221; icon_placement=&#8221;left&#8221; image_icon_width=&#8221;20px&#8221; _builder_version=&#8221;4.21.0&#8243; _module_preset=&#8221;default&#8221; header_font=&#8221;Poppins|300|||||||&#8221; header_text_color=&#8221;#4d524b&#8221; positioning=&#8221;relative&#8221; position_origin_a=&#8221;center_center&#8221; width=&#8221;100%&#8221; custom_margin=&#8221;-20px||||false|false&#8221; custom_padding=&#8221;0px||||false|false&#8221; global_colors_info=&#8221;{}&#8221;][\/et_pb_blurb][\/et_pb_column][\/et_pb_row][\/et_pb_section]<\/p>","protected":false},"excerpt":{"rendered":"<p>Lakoss\u00e1gi projektek Kehidakust\u00e1ny 50HA telekm\u00e9ret, belter\u00fcleti\u00a0 \u00e1tmin\u0151s\u00edt\u00e9s megt\u00f6rt\u00e9nt teljesk\u00f6r\u0171 \u00f6nkorm\u00e1nyzati t\u00e1mogat\u00e1s kiv\u00e1l\u00f3 lok\u00e1ci\u00f3 ak\u00e1r idegenforgalom ak\u00e1r \u00e9letvitelszer\u0171 haszn\u00e1lat szerintB\u0151ny 14,4HA projektter\u00fclet 162 telek,\u00a0teljesk\u00f6r\u0171 \u00f6nkorm\u00e1nyzati t\u00e1mogat\u00e1s kiv\u00e1l\u00f3 lok\u00e1ci\u00f3 ak\u00e1r Gy\u0151rh\u00f6z, ak\u00e1r az aut\u00f3p\u00e1ly\u00e1hoz \u00edgy t\u00e1volabbi \u00fatic\u00e9lok viszonylat\u00e1banSzigliget 0,8HA telekm\u00e9ret, belter\u00fcleti\u00a0 projekt teljesk\u00f6r\u0171 \u00f6nkorm\u00e1nyzati t\u00e1mogat\u00e1s, ki\u00e9p\u00edtett \u00fat \u00e9s k\u00f6zm\u0171h\u00e1l\u00f3zat kiv\u00e1l\u00f3 lok\u00e1ci\u00f3 ak\u00e1r idegenforgalom ak\u00e1r \u00e9letvitelszer\u0171 haszn\u00e1lat szerintZalacs\u00e1ny [&hellip;]<\/p>","protected":false},"author":2,"featured_media":0,"parent":0,"menu_order":0,"comment_status":"closed","ping_status":"closed","template":"","meta":{"_et_pb_use_builder":"on","_et_pb_old_content":"","_et_gb_content_width":"","footnotes":""},"yoast_head":"<!-- This site is optimized with the Yoast SEO plugin v24.0 - https:\/\/yoast.com\/wordpress\/plugins\/seo\/ -->\n<title>Lakoss\u00e1gi projektek - Ac\u00e9lb\u00f3l \u00e9p\u00edt\u00fcnk<\/title>\n<meta name=\"robots\" content=\"index, follow, max-snippet:-1, max-image-preview:large, max-video-preview:-1\" \/>\n<link rel=\"canonical\" href=\"https:\/\/acelbolepitunk.hu\/de\/lakossagi-projektek-2\/\" \/>\n<meta property=\"og:locale\" content=\"de_DE\" \/>\n<meta property=\"og:type\" content=\"article\" \/>\n<meta property=\"og:title\" content=\"Lakoss\u00e1gi projektek - Ac\u00e9lb\u00f3l \u00e9p\u00edt\u00fcnk\" \/>\n<meta property=\"og:description\" content=\"Lakoss\u00e1gi projektek Kehidakust\u00e1ny 50HA telekm\u00e9ret, belter\u00fcleti\u00a0 \u00e1tmin\u0151s\u00edt\u00e9s megt\u00f6rt\u00e9nt teljesk\u00f6r\u0171 \u00f6nkorm\u00e1nyzati t\u00e1mogat\u00e1s kiv\u00e1l\u00f3 lok\u00e1ci\u00f3 ak\u00e1r idegenforgalom ak\u00e1r \u00e9letvitelszer\u0171 haszn\u00e1lat szerintB\u0151ny 14,4HA projektter\u00fclet 162 telek,\u00a0teljesk\u00f6r\u0171 \u00f6nkorm\u00e1nyzati t\u00e1mogat\u00e1s kiv\u00e1l\u00f3 lok\u00e1ci\u00f3 ak\u00e1r Gy\u0151rh\u00f6z, ak\u00e1r az aut\u00f3p\u00e1ly\u00e1hoz \u00edgy t\u00e1volabbi \u00fatic\u00e9lok viszonylat\u00e1banSzigliget 0,8HA telekm\u00e9ret, belter\u00fcleti\u00a0 projekt teljesk\u00f6r\u0171 \u00f6nkorm\u00e1nyzati t\u00e1mogat\u00e1s, ki\u00e9p\u00edtett \u00fat \u00e9s k\u00f6zm\u0171h\u00e1l\u00f3zat kiv\u00e1l\u00f3 lok\u00e1ci\u00f3 ak\u00e1r idegenforgalom ak\u00e1r \u00e9letvitelszer\u0171 haszn\u00e1lat szerintZalacs\u00e1ny [&hellip;]\" \/>\n<meta property=\"og:url\" content=\"https:\/\/acelbolepitunk.hu\/de\/lakossagi-projektek-2\/\" \/>\n<meta property=\"og:site_name\" content=\"Ac\u00e9lb\u00f3l \u00e9p\u00edt\u00fcnk\" \/>\n<meta property=\"article:modified_time\" content=\"2023-07-26T16:25:39+00:00\" \/>\n<meta name=\"twitter:card\" content=\"summary_large_image\" \/>\n<meta name=\"twitter:label1\" content=\"Gesch\u00e4tzte Lesezeit\" \/>\n\t<meta name=\"twitter:data1\" content=\"7\u00a0Minuten\" \/>\n<script type=\"application\/ld+json\" class=\"yoast-schema-graph\">{\"@context\":\"https:\/\/schema.org\",\"@graph\":[{\"@type\":\"WebPage\",\"@id\":\"https:\/\/acelbolepitunk.hu\/lakossagi-projektek-2\/\",\"url\":\"https:\/\/acelbolepitunk.hu\/lakossagi-projektek-2\/\",\"name\":\"Lakoss\u00e1gi projektek - Ac\u00e9lb\u00f3l \u00e9p\u00edt\u00fcnk\",\"isPartOf\":{\"@id\":\"https:\/\/acelbolepitunk.hu\/#website\"},\"datePublished\":\"2023-07-15T11:31:40+00:00\",\"dateModified\":\"2023-07-26T16:25:39+00:00\",\"breadcrumb\":{\"@id\":\"https:\/\/acelbolepitunk.hu\/lakossagi-projektek-2\/#breadcrumb\"},\"inLanguage\":\"de\",\"potentialAction\":[{\"@type\":\"ReadAction\",\"target\":[\"https:\/\/acelbolepitunk.hu\/lakossagi-projektek-2\/\"]}]},{\"@type\":\"BreadcrumbList\",\"@id\":\"https:\/\/acelbolepitunk.hu\/lakossagi-projektek-2\/#breadcrumb\",\"itemListElement\":[{\"@type\":\"ListItem\",\"position\":1,\"name\":\"Kezd\u0151lap\",\"item\":\"https:\/\/acelbolepitunk.hu\/\"},{\"@type\":\"ListItem\",\"position\":2,\"name\":\"Lakoss\u00e1gi projektek\"}]},{\"@type\":\"WebSite\",\"@id\":\"https:\/\/acelbolepitunk.hu\/#website\",\"url\":\"https:\/\/acelbolepitunk.hu\/\",\"name\":\"Ac\u00e9lb\u00f3l \u00e9p\u00edt\u00fcnk\",\"description\":\"Ac\u00e9lb\u00f3l \u00e9p\u00edt\u00fcnk\",\"potentialAction\":[{\"@type\":\"SearchAction\",\"target\":{\"@type\":\"EntryPoint\",\"urlTemplate\":\"https:\/\/acelbolepitunk.hu\/?s={search_term_string}\"},\"query-input\":{\"@type\":\"PropertyValueSpecification\",\"valueRequired\":true,\"valueName\":\"search_term_string\"}}],\"inLanguage\":\"de\"}]}<\/script>\n<!-- \/ Yoast SEO plugin. -->","yoast_head_json":{"title":"Lakoss\u00e1gi projektek - Ac\u00e9lb\u00f3l \u00e9p\u00edt\u00fcnk","robots":{"index":"index","follow":"follow","max-snippet":"max-snippet:-1","max-image-preview":"max-image-preview:large","max-video-preview":"max-video-preview:-1"},"canonical":"https:\/\/acelbolepitunk.hu\/de\/lakossagi-projektek-2\/","og_locale":"de_DE","og_type":"article","og_title":"Lakoss\u00e1gi projektek - Ac\u00e9lb\u00f3l \u00e9p\u00edt\u00fcnk","og_description":"Lakoss\u00e1gi projektek Kehidakust\u00e1ny 50HA telekm\u00e9ret, belter\u00fcleti\u00a0 \u00e1tmin\u0151s\u00edt\u00e9s megt\u00f6rt\u00e9nt teljesk\u00f6r\u0171 \u00f6nkorm\u00e1nyzati t\u00e1mogat\u00e1s kiv\u00e1l\u00f3 lok\u00e1ci\u00f3 ak\u00e1r idegenforgalom ak\u00e1r \u00e9letvitelszer\u0171 haszn\u00e1lat szerintB\u0151ny 14,4HA projektter\u00fclet 162 telek,\u00a0teljesk\u00f6r\u0171 \u00f6nkorm\u00e1nyzati t\u00e1mogat\u00e1s kiv\u00e1l\u00f3 lok\u00e1ci\u00f3 ak\u00e1r Gy\u0151rh\u00f6z, ak\u00e1r az aut\u00f3p\u00e1ly\u00e1hoz \u00edgy t\u00e1volabbi \u00fatic\u00e9lok viszonylat\u00e1banSzigliget 0,8HA telekm\u00e9ret, belter\u00fcleti\u00a0 projekt teljesk\u00f6r\u0171 \u00f6nkorm\u00e1nyzati t\u00e1mogat\u00e1s, ki\u00e9p\u00edtett \u00fat \u00e9s k\u00f6zm\u0171h\u00e1l\u00f3zat kiv\u00e1l\u00f3 lok\u00e1ci\u00f3 ak\u00e1r idegenforgalom ak\u00e1r \u00e9letvitelszer\u0171 haszn\u00e1lat szerintZalacs\u00e1ny [&hellip;]","og_url":"https:\/\/acelbolepitunk.hu\/de\/lakossagi-projektek-2\/","og_site_name":"Ac\u00e9lb\u00f3l \u00e9p\u00edt\u00fcnk","article_modified_time":"2023-07-26T16:25:39+00:00","twitter_card":"summary_large_image","twitter_misc":{"Gesch\u00e4tzte Lesezeit":"7\u00a0Minuten"},"schema":{"@context":"https:\/\/schema.org","@graph":[{"@type":"WebPage","@id":"https:\/\/acelbolepitunk.hu\/lakossagi-projektek-2\/","url":"https:\/\/acelbolepitunk.hu\/lakossagi-projektek-2\/","name":"Lakoss\u00e1gi projektek - Ac\u00e9lb\u00f3l \u00e9p\u00edt\u00fcnk","isPartOf":{"@id":"https:\/\/acelbolepitunk.hu\/#website"},"datePublished":"2023-07-15T11:31:40+00:00","dateModified":"2023-07-26T16:25:39+00:00","breadcrumb":{"@id":"https:\/\/acelbolepitunk.hu\/lakossagi-projektek-2\/#breadcrumb"},"inLanguage":"de","potentialAction":[{"@type":"ReadAction","target":["https:\/\/acelbolepitunk.hu\/lakossagi-projektek-2\/"]}]},{"@type":"BreadcrumbList","@id":"https:\/\/acelbolepitunk.hu\/lakossagi-projektek-2\/#breadcrumb","itemListElement":[{"@type":"ListItem","position":1,"name":"Kezd\u0151lap","item":"https:\/\/acelbolepitunk.hu\/"},{"@type":"ListItem","position":2,"name":"Lakoss\u00e1gi projektek"}]},{"@type":"WebSite","@id":"https:\/\/acelbolepitunk.hu\/#website","url":"https:\/\/acelbolepitunk.hu\/","name":"Ac\u00e9lb\u00f3l \u00e9p\u00edt\u00fcnk","description":"Ac\u00e9lb\u00f3l \u00e9p\u00edt\u00fcnk","potentialAction":[{"@type":"SearchAction","target":{"@type":"EntryPoint","urlTemplate":"https:\/\/acelbolepitunk.hu\/?s={search_term_string}"},"query-input":{"@type":"PropertyValueSpecification","valueRequired":true,"valueName":"search_term_string"}}],"inLanguage":"de"}]}},"_links":{"self":[{"href":"https:\/\/acelbolepitunk.hu\/de\/wp-json\/wp\/v2\/pages\/2329"}],"collection":[{"href":"https:\/\/acelbolepitunk.hu\/de\/wp-json\/wp\/v2\/pages"}],"about":[{"href":"https:\/\/acelbolepitunk.hu\/de\/wp-json\/wp\/v2\/types\/page"}],"author":[{"embeddable":true,"href":"https:\/\/acelbolepitunk.hu\/de\/wp-json\/wp\/v2\/users\/2"}],"replies":[{"embeddable":true,"href":"https:\/\/acelbolepitunk.hu\/de\/wp-json\/wp\/v2\/comments?post=2329"}],"version-history":[{"count":10,"href":"https:\/\/acelbolepitunk.hu\/de\/wp-json\/wp\/v2\/pages\/2329\/revisions"}],"predecessor-version":[{"id":2753,"href":"https:\/\/acelbolepitunk.hu\/de\/wp-json\/wp\/v2\/pages\/2329\/revisions\/2753"}],"wp:attachment":[{"href":"https:\/\/acelbolepitunk.hu\/de\/wp-json\/wp\/v2\/media?parent=2329"}],"curies":[{"name":"wp","href":"https:\/\/api.w.org\/{rel}","templated":true}]}}